{"id":5250,"date":"2022-08-19T14:10:33","date_gmt":"2022-08-19T12:10:33","guid":{"rendered":"https:\/\/www.welldonedrill.energy\/?page_id=5250"},"modified":"2026-03-12T15:26:07","modified_gmt":"2026-03-12T14:26:07","slug":"impressum","status":"publish","type":"page","link":"https:\/\/www.welldonedrill.energy\/de\/impressum\/","title":{"rendered":"Impressum"},"content":{"rendered":"<p>[et_pb_section fb_built=&#8221;1&#8243; admin_label=&#8221;section&#8221; _builder_version=&#8221;4.16&#8243; global_colors_info=&#8221;{}&#8221;][et_pb_row admin_label=&#8221;row&#8221; _builder_version=&#8221;4.16&#8243; background_size=&#8221;initial&#8221; background_position=&#8221;top_left&#8221; background_repeat=&#8221;repeat&#8221; global_colors_info=&#8221;{}&#8221;][et_pb_column type=&#8221;4_4&#8243; _builder_version=&#8221;4.16&#8243; custom_padding=&#8221;|||&#8221; global_colors_info=&#8221;{}&#8221; custom_padding__hover=&#8221;|||&#8221;][et_pb_text admin_label=&#8221;Text&#8221; _builder_version=&#8221;4.27.5&#8243; background_size=&#8221;initial&#8221; background_position=&#8221;top_left&#8221; background_repeat=&#8221;repeat&#8221; global_colors_info=&#8221;{}&#8221;]<\/p>\n<h1>Impressum<\/h1>\n<h2><\/h2>\n<h2>Wer sind wir?<\/h2>\n<p>&nbsp;<\/p>\n<p>Well Done Drill ist ein auf geothermische Bohrungen in Belgien spezialisiertes Unternehmen. Wir bieten umweltfreundliche L\u00f6sungen f\u00fcr Heizung und Klimatisierung mittels Geothermie an, sowohl f\u00fcr geschlossene als auch f\u00fcr offene Systeme. Unsere Leistungen umfassen die Planung, die Bohrung, die Installation und die Wartung geothermischer Anlagen.<\/p>\n<p><strong>\u00a0<\/strong><\/p>\n<p><strong>Mission<\/strong><\/p>\n<p>Die Mission von Well Done Drill ist es, in Belgien nachhaltige und leistungsstarke L\u00f6sungen f\u00fcr geothermische Bohrungen anzubieten. Wir begleiten Privatpersonen und Unternehmen bei der Energiewende, indem wir umweltfreundliche Alternativen f\u00fcr Heizung und Klimatisierung bereitstellen. Unser Engagement beruht auf Qualit\u00e4t, Innovation und Umweltbewusstsein.<\/p>\n<p>&nbsp;<\/p>\n<p><strong>Kontakt<\/strong><\/p>\n<p>Well Done Drill<\/p>\n<p>Rue de Libut, 5310 \u00c9ghez\u00e9e<\/p>\n<p>&nbsp;<\/p>\n<p>0478 75 36 79<\/p>\n<p>info@welldonedrill.energy<\/p>\n<p>BE0801727368<\/p>\n<p>&nbsp;<\/p>\n<p>Well Done Drill verpflichtet sich, die in Belgien und Europa geltenden Rechtsvorschriften einzuhalten und setzt alles daran, jede unbefugte oder rechtswidrige Nutzung Ihrer personenbezogenen Daten zu verhindern. Zu diesem Zweck verwenden wir geeignete Verfahren und Systeme, damit nur dazu befugte Personen Zugang zu Ihren Informationen haben. Dar\u00fcber hinaus weisen wir darauf hin, dass diese Personen im Rahmen ihrer T\u00e4tigkeit zur Vertraulichkeit verpflichtet sind.<\/p>\n<p>[\/et_pb_text][\/et_pb_column][\/et_pb_row][\/et_pb_section]<\/p>\n","protected":false},"excerpt":{"rendered":"<p>Impressum Wer sind wir? &nbsp; Well Done Drill ist ein auf geothermische Bohrungen in Belgien spezialisiertes Unternehmen. Wir bieten umweltfreundliche L\u00f6sungen f\u00fcr Heizung und Klimatisierung mittels Geothermie an, sowohl f\u00fcr geschlossene als auch f\u00fcr offene Systeme. Unsere Leistungen umfassen die Planung, die Bohrung, die Installation und die Wartung geothermischer Anlagen. \u00a0 Mission Die Mission von Well Done Drill ist es, in Belgien nachhaltige und leistungsstarke L\u00f6sungen f\u00fcr geothermische Bohrungen anzubieten. Wir begleiten Privatpersonen und Unternehmen bei der Energiewende, indem wir umweltfreundliche Alternativen f\u00fcr Heizung und Klimatisierung bereitstellen. Unser Engagement beruht auf Qualit\u00e4t, Innovation und Umweltbewusstsein. &nbsp; Kontakt Well Done Drill Rue de Libut, 5310 \u00c9ghez\u00e9e &nbsp; 0478 75 36 79 info@welldonedrill.energy BE0801727368 &nbsp; Well Done Drill verpflichtet sich, die in Belgien und Europa geltenden Rechtsvorschriften einzuhalten und setzt alles daran, jede unbefugte oder rechtswidrige Nutzung Ihrer personenbezogenen Daten zu verhindern. Zu diesem Zweck verwenden wir geeignete Verfahren und Systeme, damit nur dazu befugte Personen Zugang zu Ihren Informationen haben. Dar\u00fcber hinaus weisen wir darauf hin, dass diese Personen im Rahmen ihrer T\u00e4tigkeit zur Vertraulichkeit verpflichtet sind.<\/p>\n","protected":false},"author":14,"featured_media":0,"parent":0,"menu_order":1000,"comment_status":"closed","ping_status":"closed","template":"","meta":{"_acf_changed":false,"_et_pb_use_builder":"on","_et_pb_old_content":"<p>[et_pb_section fb_built=\"1\" admin_label=\"section\" _builder_version=\"4.16\" global_colors_info=\"{}\"][et_pb_row admin_label=\"row\" _builder_version=\"4.16\" background_size=\"initial\" background_position=\"top_left\" background_repeat=\"repeat\" global_colors_info=\"{}\"][et_pb_column type=\"4_4\" _builder_version=\"4.16\" custom_padding=\"|||\" global_colors_info=\"{}\" custom_padding__hover=\"|||\"][et_pb_text admin_label=\"Text\" _builder_version=\"4.27.4\" background_size=\"initial\" background_position=\"top_left\" background_repeat=\"repeat\" hover_enabled=\"0\" global_colors_info=\"{}\" sticky_enabled=\"0\"]<\/p><h1>Mentions l\u00e9gales<\/h1><h2>\u00a0<\/h2><h2>Qui sommes-nous ?<\/h2><p>\u00a0<\/p><p>Well Done Drill<\/p><p>Well Done Drill est une entreprise sp\u00e9cialis\u00e9e dans le forage g\u00e9othermique en Belgique. Nous proposons des solutions \u00e9cologiques pour le chauffage et la climatisation par g\u00e9othermie, qu'il s'agisse de syst\u00e8mes \u00e0 circuit ferm\u00e9 ou ouvert. Nos services incluent l\u2019\u00e9tude, le forage, l\u2019installation et l\u2019entretien des \u00e9quipements g\u00e9othermiques.<\/p><p><strong>\u00a0<\/strong><\/p><p><strong>Mission<\/strong><\/p><p>La mission de Well Done Drill est de fournir des solutions de forage g\u00e9othermique durables et performantes en Belgique. Nous accompagnons particuliers et professionnels dans la transition \u00e9nerg\u00e9tique en proposant des alternatives \u00e9cologiques pour le chauffage et la climatisation. Notre engagement repose sur la qualit\u00e9, l\u2019innovation et le respect de l\u2019environnement.<\/p><p>\u00a0<\/p><p><strong>Contact<\/strong><\/p><p>Well Done Drill<\/p><p>Rue de Libut, 5310 \u00c9ghez\u00e9e<\/p><p>\u00a0<\/p><p>0478 75 36 79<\/p><p>info@welldonedrill.energy<\/p><p>BE0801727368<\/p><p>\u00a0<\/p><p>Well Done Drill s\u2019engage \u00e0 respecter la l\u00e9gislation en vigueur en Belgique et en Europe et met tout en \u0153uvre afin d\u2019emp\u00eacher tout usage non autoris\u00e9 ou illicite de vos donn\u00e9es personnelles. \u00c0 cette fin, nous utilisons des proc\u00e9dures et des syst\u00e8mes appropri\u00e9s pour que seules les personnes qui y sont autoris\u00e9es puissent acc\u00e9der \u00e0 vos informations. En outre, nous vous rappelons que ces personnes sont tenues \u00e0 un devoir de confidentialit\u00e9 dans le cadre de leur fonction.<\/p><p>[\/et_pb_text][\/et_pb_column][\/et_pb_row][\/et_pb_section]<\/p>","_et_gb_content_width":"","footnotes":""},"class_list":["post-5250","page","type-page","status-publish","hentry"],"acf":[],"yoast_head":"<!-- This site is optimized with the Yoast SEO plugin v27.4 - https:\/\/yoast.com\/product\/yoast-seo-wordpress\/ -->\n<title>Impressum | WellDoneDrill<\/title>\n<meta name=\"robots\" content=\"index, follow, max-snippet:-1, max-image-preview:large, max-video-preview:-1\" \/>\n<link rel=\"canonical\" href=\"https:\/\/www.welldonedrill.energy\/de\/impressum\/\" \/>\n<meta property=\"og:locale\" content=\"en_US\" \/>\n<meta property=\"og:type\" content=\"article\" \/>\n<meta property=\"og:title\" content=\"Impressum | WellDoneDrill\" \/>\n<meta property=\"og:description\" content=\"Impressum Wer sind wir? &nbsp; Well Done Drill ist ein auf geothermische Bohrungen in Belgien spezialisiertes Unternehmen. Wir bieten umweltfreundliche L\u00f6sungen f\u00fcr Heizung und Klimatisierung mittels Geothermie an, sowohl f\u00fcr geschlossene als auch f\u00fcr offene Systeme. Unsere Leistungen umfassen die Planung, die Bohrung, die Installation und die Wartung geothermischer Anlagen. \u00a0 Mission Die Mission von Well Done Drill ist es, in Belgien nachhaltige und leistungsstarke L\u00f6sungen f\u00fcr geothermische Bohrungen anzubieten. Wir begleiten Privatpersonen und Unternehmen bei der Energiewende, indem wir umweltfreundliche Alternativen f\u00fcr Heizung und Klimatisierung bereitstellen. Unser Engagement beruht auf Qualit\u00e4t, Innovation und Umweltbewusstsein. &nbsp; Kontakt Well Done Drill Rue de Libut, 5310 \u00c9ghez\u00e9e &nbsp; 0478 75 36 79 info@welldonedrill.energy BE0801727368 &nbsp; Well Done Drill verpflichtet sich, die in Belgien und Europa geltenden Rechtsvorschriften einzuhalten und setzt alles daran, jede unbefugte oder rechtswidrige Nutzung Ihrer personenbezogenen Daten zu verhindern. Zu diesem Zweck verwenden wir geeignete Verfahren und Systeme, damit nur dazu befugte Personen Zugang zu Ihren Informationen haben. Dar\u00fcber hinaus weisen wir darauf hin, dass diese Personen im Rahmen ihrer T\u00e4tigkeit zur Vertraulichkeit verpflichtet sind.\" \/>\n<meta property=\"og:url\" content=\"https:\/\/www.welldonedrill.energy\/de\/impressum\/\" \/>\n<meta property=\"og:site_name\" content=\"WellDoneDrill\" \/>\n<meta property=\"article:modified_time\" content=\"2026-03-12T14:26:07+00:00\" \/>\n<meta property=\"og:image\" content=\"https:\/\/www.welldonedrill.energy\/wp-content\/uploads\/2025\/05\/MegaFactory-header-1.webp\" \/>\n\t<meta property=\"og:image:width\" content=\"2048\" \/>\n\t<meta property=\"og:image:height\" content=\"1364\" \/>\n\t<meta property=\"og:image:type\" content=\"image\/webp\" \/>\n<meta name=\"twitter:card\" content=\"summary_large_image\" \/>\n<meta name=\"twitter:label1\" content=\"Est. reading time\" \/>\n\t<meta name=\"twitter:data1\" content=\"1 minute\" \/>\n<script type=\"application\/ld+json\" class=\"yoast-schema-graph\">{\"@context\":\"https:\\\/\\\/schema.org\",\"@graph\":[{\"@type\":\"WebPage\",\"@id\":\"https:\\\/\\\/www.welldonedrill.energy\\\/de\\\/impressum\\\/\",\"url\":\"https:\\\/\\\/www.welldonedrill.energy\\\/de\\\/impressum\\\/\",\"name\":\"Impressum | WellDoneDrill\",\"isPartOf\":{\"@id\":\"https:\\\/\\\/www.welldonedrill.energy\\\/de\\\/#website\"},\"datePublished\":\"2022-08-19T12:10:33+00:00\",\"dateModified\":\"2026-03-12T14:26:07+00:00\",\"breadcrumb\":{\"@id\":\"https:\\\/\\\/www.welldonedrill.energy\\\/de\\\/impressum\\\/#breadcrumb\"},\"inLanguage\":\"lu-DE\",\"potentialAction\":[{\"@type\":\"ReadAction\",\"target\":[\"https:\\\/\\\/www.welldonedrill.energy\\\/de\\\/impressum\\\/\"]}]},{\"@type\":\"BreadcrumbList\",\"@id\":\"https:\\\/\\\/www.welldonedrill.energy\\\/de\\\/impressum\\\/#breadcrumb\",\"itemListElement\":[{\"@type\":\"ListItem\",\"position\":1,\"name\":\"Accueil\",\"item\":\"https:\\\/\\\/www.welldonedrill.energy\\\/de\\\/\"},{\"@type\":\"ListItem\",\"position\":2,\"name\":\"Impressum\"}]},{\"@type\":\"WebSite\",\"@id\":\"https:\\\/\\\/www.welldonedrill.energy\\\/de\\\/#website\",\"url\":\"https:\\\/\\\/www.welldonedrill.energy\\\/de\\\/\",\"name\":\"Well done drill ! Expert en forage G\u00e9othermique\",\"description\":\"L&#039;\u00e9nergie de la terre\",\"publisher\":{\"@id\":\"https:\\\/\\\/www.welldonedrill.energy\\\/de\\\/#organization\"},\"potentialAction\":[{\"@type\":\"SearchAction\",\"target\":{\"@type\":\"EntryPoint\",\"urlTemplate\":\"https:\\\/\\\/www.welldonedrill.energy\\\/de\\\/?s={search_term_string}\"},\"query-input\":{\"@type\":\"PropertyValueSpecification\",\"valueRequired\":true,\"valueName\":\"search_term_string\"}}],\"inLanguage\":\"lu-DE\"},{\"@type\":\"Organization\",\"@id\":\"https:\\\/\\\/www.welldonedrill.energy\\\/de\\\/#organization\",\"name\":\"Well Done Drill\",\"alternateName\":\"Expert en forage G\u00e9othermique\",\"url\":\"https:\\\/\\\/www.welldonedrill.energy\\\/de\\\/\",\"logo\":{\"@type\":\"ImageObject\",\"inLanguage\":\"lu-DE\",\"@id\":\"https:\\\/\\\/www.welldonedrill.energy\\\/de\\\/#\\\/schema\\\/logo\\\/image\\\/\",\"url\":\"https:\\\/\\\/www.welldonedrill.energy\\\/wp-content\\\/uploads\\\/2025\\\/11\\\/wdd-logo-dark.svg\",\"contentUrl\":\"https:\\\/\\\/www.welldonedrill.energy\\\/wp-content\\\/uploads\\\/2025\\\/11\\\/wdd-logo-dark.svg\",\"width\":1,\"height\":1,\"caption\":\"Well Done Drill\"},\"image\":{\"@id\":\"https:\\\/\\\/www.welldonedrill.energy\\\/de\\\/#\\\/schema\\\/logo\\\/image\\\/\"}}]}<\/script>\n<!-- \/ Yoast SEO plugin. -->","yoast_head_json":{"title":"Impressum | WellDoneDrill","robots":{"index":"index","follow":"follow","max-snippet":"max-snippet:-1","max-image-preview":"max-image-preview:large","max-video-preview":"max-video-preview:-1"},"canonical":"https:\/\/www.welldonedrill.energy\/de\/impressum\/","og_locale":"en_US","og_type":"article","og_title":"Impressum | WellDoneDrill","og_description":"Impressum Wer sind wir? &nbsp; Well Done Drill ist ein auf geothermische Bohrungen in Belgien spezialisiertes Unternehmen. Wir bieten umweltfreundliche L\u00f6sungen f\u00fcr Heizung und Klimatisierung mittels Geothermie an, sowohl f\u00fcr geschlossene als auch f\u00fcr offene Systeme. Unsere Leistungen umfassen die Planung, die Bohrung, die Installation und die Wartung geothermischer Anlagen. \u00a0 Mission Die Mission von Well Done Drill ist es, in Belgien nachhaltige und leistungsstarke L\u00f6sungen f\u00fcr geothermische Bohrungen anzubieten. Wir begleiten Privatpersonen und Unternehmen bei der Energiewende, indem wir umweltfreundliche Alternativen f\u00fcr Heizung und Klimatisierung bereitstellen. Unser Engagement beruht auf Qualit\u00e4t, Innovation und Umweltbewusstsein. &nbsp; Kontakt Well Done Drill Rue de Libut, 5310 \u00c9ghez\u00e9e &nbsp; 0478 75 36 79 info@welldonedrill.energy BE0801727368 &nbsp; Well Done Drill verpflichtet sich, die in Belgien und Europa geltenden Rechtsvorschriften einzuhalten und setzt alles daran, jede unbefugte oder rechtswidrige Nutzung Ihrer personenbezogenen Daten zu verhindern. Zu diesem Zweck verwenden wir geeignete Verfahren und Systeme, damit nur dazu befugte Personen Zugang zu Ihren Informationen haben. Dar\u00fcber hinaus weisen wir darauf hin, dass diese Personen im Rahmen ihrer T\u00e4tigkeit zur Vertraulichkeit verpflichtet sind.","og_url":"https:\/\/www.welldonedrill.energy\/de\/impressum\/","og_site_name":"WellDoneDrill","article_modified_time":"2026-03-12T14:26:07+00:00","og_image":[{"width":2048,"height":1364,"url":"https:\/\/www.welldonedrill.energy\/wp-content\/uploads\/2025\/05\/MegaFactory-header-1.webp","type":"image\/webp"}],"twitter_card":"summary_large_image","twitter_misc":{"Est. reading time":"1 minute"},"schema":{"@context":"https:\/\/schema.org","@graph":[{"@type":"WebPage","@id":"https:\/\/www.welldonedrill.energy\/de\/impressum\/","url":"https:\/\/www.welldonedrill.energy\/de\/impressum\/","name":"Impressum | WellDoneDrill","isPartOf":{"@id":"https:\/\/www.welldonedrill.energy\/de\/#website"},"datePublished":"2022-08-19T12:10:33+00:00","dateModified":"2026-03-12T14:26:07+00:00","breadcrumb":{"@id":"https:\/\/www.welldonedrill.energy\/de\/impressum\/#breadcrumb"},"inLanguage":"lu-DE","potentialAction":[{"@type":"ReadAction","target":["https:\/\/www.welldonedrill.energy\/de\/impressum\/"]}]},{"@type":"BreadcrumbList","@id":"https:\/\/www.welldonedrill.energy\/de\/impressum\/#breadcrumb","itemListElement":[{"@type":"ListItem","position":1,"name":"Accueil","item":"https:\/\/www.welldonedrill.energy\/de\/"},{"@type":"ListItem","position":2,"name":"Impressum"}]},{"@type":"WebSite","@id":"https:\/\/www.welldonedrill.energy\/de\/#website","url":"https:\/\/www.welldonedrill.energy\/de\/","name":"Well done drill ! Expert en forage G\u00e9othermique","description":"L&#039;\u00e9nergie de la terre","publisher":{"@id":"https:\/\/www.welldonedrill.energy\/de\/#organization"},"potentialAction":[{"@type":"SearchAction","target":{"@type":"EntryPoint","urlTemplate":"https:\/\/www.welldonedrill.energy\/de\/?s={search_term_string}"},"query-input":{"@type":"PropertyValueSpecification","valueRequired":true,"valueName":"search_term_string"}}],"inLanguage":"lu-DE"},{"@type":"Organization","@id":"https:\/\/www.welldonedrill.energy\/de\/#organization","name":"Well Done Drill","alternateName":"Expert en forage G\u00e9othermique","url":"https:\/\/www.welldonedrill.energy\/de\/","logo":{"@type":"ImageObject","inLanguage":"lu-DE","@id":"https:\/\/www.welldonedrill.energy\/de\/#\/schema\/logo\/image\/","url":"https:\/\/www.welldonedrill.energy\/wp-content\/uploads\/2025\/11\/wdd-logo-dark.svg","contentUrl":"https:\/\/www.welldonedrill.energy\/wp-content\/uploads\/2025\/11\/wdd-logo-dark.svg","width":1,"height":1,"caption":"Well Done Drill"},"image":{"@id":"https:\/\/www.welldonedrill.energy\/de\/#\/schema\/logo\/image\/"}}]}},"_links":{"self":[{"href":"https:\/\/www.welldonedrill.energy\/de\/wp-json\/wp\/v2\/pages\/5250","targetHints":{"allow":["GET"]}}],"collection":[{"href":"https:\/\/www.welldonedrill.energy\/de\/wp-json\/wp\/v2\/pages"}],"about":[{"href":"https:\/\/www.welldonedrill.energy\/de\/wp-json\/wp\/v2\/types\/page"}],"author":[{"embeddable":true,"href":"https:\/\/www.welldonedrill.energy\/de\/wp-json\/wp\/v2\/users\/14"}],"replies":[{"embeddable":true,"href":"https:\/\/www.welldonedrill.energy\/de\/wp-json\/wp\/v2\/comments?post=5250"}],"version-history":[{"count":6,"href":"https:\/\/www.welldonedrill.energy\/de\/wp-json\/wp\/v2\/pages\/5250\/revisions"}],"predecessor-version":[{"id":5260,"href":"https:\/\/www.welldonedrill.energy\/de\/wp-json\/wp\/v2\/pages\/5250\/revisions\/5260"}],"wp:attachment":[{"href":"https:\/\/www.welldonedrill.energy\/de\/wp-json\/wp\/v2\/media?parent=5250"}],"curies":[{"name":"wp","href":"https:\/\/api.w.org\/{rel}","templated":true}]}}